{"id":1052,"date":"2023-02-23T15:35:39","date_gmt":"2023-02-23T14:35:39","guid":{"rendered":"https:\/\/www.ecoledelapaix.org\/wordpress\/?page_id=1052"},"modified":"2023-02-28T16:40:46","modified_gmt":"2023-02-28T15:40:46","slug":"exposition","status":"publish","type":"page","link":"https:\/\/www.ecoledelapaix.org\/wordpress\/exposition\/","title":{"rendered":"Exposition"},"content":{"rendered":"\n<p>L&rsquo;exposition ludique et interactive&nbsp; \u00ab\u00a0<strong>le sentier de la guerre &#8230;ou comment l&rsquo;\u00e9viter<\/strong>\u00a0\u00bb cr\u00e9\u00e9e par l&rsquo;Ecole de la paix, est destin\u00e9e aux \u00e9coles primaires et aux coll\u00e9giens (8-14 ans).&nbsp;<\/p>\n\n\n\n<p>Elle est propos\u00e9e pour favoriser le vivre-ensemble et pour aider \u00e0 pr\u00e9venir les violences.<\/p>\n\n\n\n<p>Elle vise :<\/p>\n\n\n\n<ul class=\"wp-block-list\">\n<li>\u00e0 sensibiliser les coll\u00e9giens au respect des diff\u00e9rences et \u00e0 la tol\u00e9rance, pour \u00e9viter le rejet et l&rsquo;exclusion<\/li>\n\n\n\n<li>\u00e0 appr\u00e9hender les m\u00e9faits des rumeurs, le concept de bouc \u00e9missaire<\/li>\n\n\n\n<li>\u00e0 faire prendre conscience des discriminations, des in\u00e9galit\u00e9s<\/li>\n\n\n\n<li>\u00e0 donner aux enfants l&rsquo;envie d&rsquo;agir de fa\u00e7on plus concr\u00e8te pour le vivre-ensemble<\/li>\n<\/ul>\n\n\n\n<p>Elle se pr\u00e9sente sous forme de panneaux et de jeux, \u00e0 installer dans les coll\u00e8ges.<\/p>\n\n\n\n<p><a href=\"http:\/\/www.ecoledelapaix.org\/IMG\/pdf\/SG_impression.pdf\" target=\"_blank\" rel=\"noreferrer noopener\">Voir la fiche p\u00e9dagogique<\/a><\/p>\n\n\n\n<p><\/p>\n\n\n\n<figure class=\"wp-block-embed is-type-video is-provider-youtube wp-block-embed-youtube wp-embed-aspect-4-3 wp-has-aspect-ratio\"><div class=\"wp-block-embed__wrapper\">\n<iframe title=\"Le sentier de la guerre ou comment l&#039;\u00e9viter\" width=\"800\" height=\"600\" data-src=\"https:\/\/www.youtube.com\/embed\/agKVo9RriVg?feature=oembed\" frameborder=\"0\" allow=\"accelerometer; autoplay; clipboard-write; encrypted-media; gyroscope; picture-in-picture; web-share\" allowfullscreen src=\"data:image\/svg+xml;base64,PHN2ZyB3aWR0aD0iMSIgaGVpZ2h0PSIxIiB4bWxucz0iaHR0cDovL3d3dy53My5vcmcvMjAwMC9zdmciPjwvc3ZnPg==\" class=\"lazyload\" data-load-mode=\"1\"><\/iframe>\n<\/div><\/figure>\n\n\n\n<p><\/p>\n\n\n\n<p><em>Cette exposition qui a d\u00e9j\u00e0 touch\u00e9 des milliers d&rsquo;\u00e9l\u00e8ves, est en cours de refonte, afin d&rsquo;en enrichir le contenu et le format<\/em>.<a href=\"http:\/\/ecoledelapaix.org\/wordpress\/contact\/\"> Contactez-nous <\/a>pour plus d&rsquo;informations.<\/p>\n","protected":false},"excerpt":{"rendered":"<p>L&rsquo;exposition ludique et interactive&nbsp; \u00ab\u00a0le sentier de la guerre &#8230;ou comment l&rsquo;\u00e9viter\u00a0\u00bb cr\u00e9\u00e9e par l&rsquo;Ecole de la paix, est destin\u00e9e<\/p>\n","protected":false},"author":4,"featured_media":950,"parent":0,"menu_order":0,"comment_status":"closed","ping_status":"closed","template":"","meta":{"footnotes":""},"class_list":["post-1052","page","type-page","status-publish","has-post-thumbnail","hentry"],"yoast_head":"<!-- This site is optimized with the Yoast SEO plugin v26.3 - https:\/\/yoast.com\/wordpress\/plugins\/seo\/ -->\n<title>Exposition - Ensemble,<\/title>\n<meta name=\"robots\" content=\"index, follow, max-snippet:-1, max-image-preview:large, max-video-preview:-1\" \/>\n<link rel=\"canonical\" href=\"https:\/\/www.ecoledelapaix.org\/wordpress\/exposition\/\" \/>\n<meta property=\"og:locale\" content=\"fr_FR\" \/>\n<meta property=\"og:type\" content=\"article\" \/>\n<meta property=\"og:title\" content=\"Exposition - Ensemble,\" \/>\n<meta property=\"og:description\" content=\"L&rsquo;exposition ludique et interactive&nbsp; \u00ab\u00a0le sentier de la guerre &#8230;ou comment l&rsquo;\u00e9viter\u00a0\u00bb cr\u00e9\u00e9e par l&rsquo;Ecole de la paix, est destin\u00e9e\" \/>\n<meta property=\"og:url\" content=\"https:\/\/www.ecoledelapaix.org\/wordpress\/exposition\/\" \/>\n<meta property=\"og:site_name\" content=\"Ensemble,\" \/>\n<meta property=\"article:modified_time\" content=\"2023-02-28T15:40:46+00:00\" \/>\n<meta property=\"og:image\" content=\"https:\/\/www.ecoledelapaix.org\/wordpress\/wp-content\/uploads\/2023\/02\/Expo-le-Sentier-1024x768.jpg\" \/>\n\t<meta property=\"og:image:width\" content=\"1024\" \/>\n\t<meta property=\"og:image:height\" content=\"768\" \/>\n\t<meta property=\"og:image:type\" content=\"image\/jpeg\" \/>\n<meta name=\"twitter:card\" content=\"summary_large_image\" \/>\n<meta name=\"twitter:label1\" content=\"Dur\u00e9e de lecture estim\u00e9e\" \/>\n\t<meta name=\"twitter:data1\" content=\"1 minute\" \/>\n<script type=\"application\/ld+json\" class=\"yoast-schema-graph\">{\"@context\":\"https:\/\/schema.org\",\"@graph\":[{\"@type\":\"WebPage\",\"@id\":\"https:\/\/www.ecoledelapaix.org\/wordpress\/exposition\/\",\"url\":\"https:\/\/www.ecoledelapaix.org\/wordpress\/exposition\/\",\"name\":\"Exposition - Ensemble,\",\"isPartOf\":{\"@id\":\"https:\/\/www.ecoledelapaix.org\/wordpress\/#website\"},\"primaryImageOfPage\":{\"@id\":\"https:\/\/www.ecoledelapaix.org\/wordpress\/exposition\/#primaryimage\"},\"image\":{\"@id\":\"https:\/\/www.ecoledelapaix.org\/wordpress\/exposition\/#primaryimage\"},\"thumbnailUrl\":\"https:\/\/www.ecoledelapaix.org\/wordpress\/wp-content\/uploads\/2023\/02\/Expo-le-Sentier-e1677158437798.jpg\",\"datePublished\":\"2023-02-23T14:35:39+00:00\",\"dateModified\":\"2023-02-28T15:40:46+00:00\",\"breadcrumb\":{\"@id\":\"https:\/\/www.ecoledelapaix.org\/wordpress\/exposition\/#breadcrumb\"},\"inLanguage\":\"fr-FR\",\"potentialAction\":[{\"@type\":\"ReadAction\",\"target\":[\"https:\/\/www.ecoledelapaix.org\/wordpress\/exposition\/\"]}]},{\"@type\":\"ImageObject\",\"inLanguage\":\"fr-FR\",\"@id\":\"https:\/\/www.ecoledelapaix.org\/wordpress\/exposition\/#primaryimage\",\"url\":\"https:\/\/www.ecoledelapaix.org\/wordpress\/wp-content\/uploads\/2023\/02\/Expo-le-Sentier-e1677158437798.jpg\",\"contentUrl\":\"https:\/\/www.ecoledelapaix.org\/wordpress\/wp-content\/uploads\/2023\/02\/Expo-le-Sentier-e1677158437798.jpg\",\"width\":234,\"height\":176,\"caption\":\"Exposition\"},{\"@type\":\"BreadcrumbList\",\"@id\":\"https:\/\/www.ecoledelapaix.org\/wordpress\/exposition\/#breadcrumb\",\"itemListElement\":[{\"@type\":\"ListItem\",\"position\":1,\"name\":\"Accueil\",\"item\":\"http:\/\/www.ecoledelapaix.org\/wordpress\/\"},{\"@type\":\"ListItem\",\"position\":2,\"name\":\"Exposition\"}]},{\"@type\":\"WebSite\",\"@id\":\"https:\/\/www.ecoledelapaix.org\/wordpress\/#website\",\"url\":\"https:\/\/www.ecoledelapaix.org\/wordpress\/\",\"name\":\"Ensemble,\",\"description\":\"agissons pour la paix par l&#039;\u00e9ducation\",\"publisher\":{\"@id\":\"https:\/\/www.ecoledelapaix.org\/wordpress\/#organization\"},\"potentialAction\":[{\"@type\":\"SearchAction\",\"target\":{\"@type\":\"EntryPoint\",\"urlTemplate\":\"https:\/\/www.ecoledelapaix.org\/wordpress\/?s={search_term_string}\"},\"query-input\":{\"@type\":\"PropertyValueSpecification\",\"valueRequired\":true,\"valueName\":\"search_term_string\"}}],\"inLanguage\":\"fr-FR\"},{\"@type\":\"Organization\",\"@id\":\"https:\/\/www.ecoledelapaix.org\/wordpress\/#organization\",\"name\":\"\u00c9cole de la paix\",\"url\":\"https:\/\/www.ecoledelapaix.org\/wordpress\/\",\"logo\":{\"@type\":\"ImageObject\",\"inLanguage\":\"fr-FR\",\"@id\":\"https:\/\/www.ecoledelapaix.org\/wordpress\/#\/schema\/logo\/image\/\",\"url\":\"https:\/\/www.ecoledelapaix.org\/wordpress\/wp-content\/uploads\/2022\/01\/cropped-LOGO.png\",\"contentUrl\":\"https:\/\/www.ecoledelapaix.org\/wordpress\/wp-content\/uploads\/2022\/01\/cropped-LOGO.png\",\"width\":200,\"height\":85,\"caption\":\"\u00c9cole de la paix\"},\"image\":{\"@id\":\"https:\/\/www.ecoledelapaix.org\/wordpress\/#\/schema\/logo\/image\/\"}}]}<\/script>\n<!-- \/ Yoast SEO plugin. -->","yoast_head_json":{"title":"Exposition - Ensemble,","robots":{"index":"index","follow":"follow","max-snippet":"max-snippet:-1","max-image-preview":"max-image-preview:large","max-video-preview":"max-video-preview:-1"},"canonical":"https:\/\/www.ecoledelapaix.org\/wordpress\/exposition\/","og_locale":"fr_FR","og_type":"article","og_title":"Exposition - Ensemble,","og_description":"L&rsquo;exposition ludique et interactive&nbsp; \u00ab\u00a0le sentier de la guerre &#8230;ou comment l&rsquo;\u00e9viter\u00a0\u00bb cr\u00e9\u00e9e par l&rsquo;Ecole de la paix, est destin\u00e9e","og_url":"https:\/\/www.ecoledelapaix.org\/wordpress\/exposition\/","og_site_name":"Ensemble,","article_modified_time":"2023-02-28T15:40:46+00:00","og_image":[{"width":1024,"height":768,"url":"https:\/\/www.ecoledelapaix.org\/wordpress\/wp-content\/uploads\/2023\/02\/Expo-le-Sentier-1024x768.jpg","type":"image\/jpeg"}],"twitter_card":"summary_large_image","twitter_misc":{"Dur\u00e9e de lecture estim\u00e9e":"1 minute"},"schema":{"@context":"https:\/\/schema.org","@graph":[{"@type":"WebPage","@id":"https:\/\/www.ecoledelapaix.org\/wordpress\/exposition\/","url":"https:\/\/www.ecoledelapaix.org\/wordpress\/exposition\/","name":"Exposition - Ensemble,","isPartOf":{"@id":"https:\/\/www.ecoledelapaix.org\/wordpress\/#website"},"primaryImageOfPage":{"@id":"https:\/\/www.ecoledelapaix.org\/wordpress\/exposition\/#primaryimage"},"image":{"@id":"https:\/\/www.ecoledelapaix.org\/wordpress\/exposition\/#primaryimage"},"thumbnailUrl":"https:\/\/www.ecoledelapaix.org\/wordpress\/wp-content\/uploads\/2023\/02\/Expo-le-Sentier-e1677158437798.jpg","datePublished":"2023-02-23T14:35:39+00:00","dateModified":"2023-02-28T15:40:46+00:00","breadcrumb":{"@id":"https:\/\/www.ecoledelapaix.org\/wordpress\/exposition\/#breadcrumb"},"inLanguage":"fr-FR","potentialAction":[{"@type":"ReadAction","target":["https:\/\/www.ecoledelapaix.org\/wordpress\/exposition\/"]}]},{"@type":"ImageObject","inLanguage":"fr-FR","@id":"https:\/\/www.ecoledelapaix.org\/wordpress\/exposition\/#primaryimage","url":"https:\/\/www.ecoledelapaix.org\/wordpress\/wp-content\/uploads\/2023\/02\/Expo-le-Sentier-e1677158437798.jpg","contentUrl":"https:\/\/www.ecoledelapaix.org\/wordpress\/wp-content\/uploads\/2023\/02\/Expo-le-Sentier-e1677158437798.jpg","width":234,"height":176,"caption":"Exposition"},{"@type":"BreadcrumbList","@id":"https:\/\/www.ecoledelapaix.org\/wordpress\/exposition\/#breadcrumb","itemListElement":[{"@type":"ListItem","position":1,"name":"Accueil","item":"http:\/\/www.ecoledelapaix.org\/wordpress\/"},{"@type":"ListItem","position":2,"name":"Exposition"}]},{"@type":"WebSite","@id":"https:\/\/www.ecoledelapaix.org\/wordpress\/#website","url":"https:\/\/www.ecoledelapaix.org\/wordpress\/","name":"Ensemble,","description":"agissons pour la paix par l&#039;\u00e9ducation","publisher":{"@id":"https:\/\/www.ecoledelapaix.org\/wordpress\/#organization"},"potentialAction":[{"@type":"SearchAction","target":{"@type":"EntryPoint","urlTemplate":"https:\/\/www.ecoledelapaix.org\/wordpress\/?s={search_term_string}"},"query-input":{"@type":"PropertyValueSpecification","valueRequired":true,"valueName":"search_term_string"}}],"inLanguage":"fr-FR"},{"@type":"Organization","@id":"https:\/\/www.ecoledelapaix.org\/wordpress\/#organization","name":"\u00c9cole de la paix","url":"https:\/\/www.ecoledelapaix.org\/wordpress\/","logo":{"@type":"ImageObject","inLanguage":"fr-FR","@id":"https:\/\/www.ecoledelapaix.org\/wordpress\/#\/schema\/logo\/image\/","url":"https:\/\/www.ecoledelapaix.org\/wordpress\/wp-content\/uploads\/2022\/01\/cropped-LOGO.png","contentUrl":"https:\/\/www.ecoledelapaix.org\/wordpress\/wp-content\/uploads\/2022\/01\/cropped-LOGO.png","width":200,"height":85,"caption":"\u00c9cole de la paix"},"image":{"@id":"https:\/\/www.ecoledelapaix.org\/wordpress\/#\/schema\/logo\/image\/"}}]}},"_links":{"self":[{"href":"https:\/\/www.ecoledelapaix.org\/wordpress\/wp-json\/wp\/v2\/pages\/1052","targetHints":{"allow":["GET"]}}],"collection":[{"href":"https:\/\/www.ecoledelapaix.org\/wordpress\/wp-json\/wp\/v2\/pages"}],"about":[{"href":"https:\/\/www.ecoledelapaix.org\/wordpress\/wp-json\/wp\/v2\/types\/page"}],"author":[{"embeddable":true,"href":"https:\/\/www.ecoledelapaix.org\/wordpress\/wp-json\/wp\/v2\/users\/4"}],"replies":[{"embeddable":true,"href":"https:\/\/www.ecoledelapaix.org\/wordpress\/wp-json\/wp\/v2\/comments?post=1052"}],"version-history":[{"count":12,"href":"https:\/\/www.ecoledelapaix.org\/wordpress\/wp-json\/wp\/v2\/pages\/1052\/revisions"}],"predecessor-version":[{"id":1116,"href":"https:\/\/www.ecoledelapaix.org\/wordpress\/wp-json\/wp\/v2\/pages\/1052\/revisions\/1116"}],"wp:featuredmedia":[{"embeddable":true,"href":"https:\/\/www.ecoledelapaix.org\/wordpress\/wp-json\/wp\/v2\/media\/950"}],"wp:attachment":[{"href":"https:\/\/www.ecoledelapaix.org\/wordpress\/wp-json\/wp\/v2\/media?parent=1052"}],"curies":[{"name":"wp","href":"https:\/\/api.w.org\/{rel}","templated":true}]}}