{"id":346,"date":"2022-02-08T13:48:27","date_gmt":"2022-02-08T12:48:27","guid":{"rendered":"https:\/\/www.ecoledelapaix.org\/wordpress\/?page_id=346"},"modified":"2023-03-13T17:59:18","modified_gmt":"2023-03-13T16:59:18","slug":"interventions-en-milieu-scolaire","status":"publish","type":"page","link":"https:\/\/www.ecoledelapaix.org\/wordpress\/interventions-en-milieu-scolaire\/","title":{"rendered":"Interventions en milieu scolaire"},"content":{"rendered":"\n<p><\/p>\n\n\n\n<div class=\"wp-block-columns is-layout-flex wp-container-core-columns-is-layout-28f84493 wp-block-columns-is-layout-flex\">\n<div class=\"wp-block-column is-layout-flow wp-block-column-is-layout-flow\">\n<p>L\u2019Ecole de la paix d\u00e9veloppe des animations et des outils issus de l\u2019\u00e9ducation populaire. L\u2019<a href=\"https:\/\/www.afd.fr\/fr\/page-thematique-axe\/education-la-citoyennete-et-la-solidarite-internationale\">Education \u00e0 la Citoyennet\u00e9 et la Solidarit\u00e9 Internationale<\/a> (ECSI), est une d\u00e9marche \u00e9ducative pour r\u00e9pondre aux enjeux contemporains et pour atteindre les <a href=\"https:\/\/www.un.org\/sustainabledevelopment\/fr\/objectifs-de-developpement-durable\/\">Objectifs de D\u00e9veloppement Durable<\/a> (ODD).<\/p>\n\n\n\n<p>La transmission d\u2019information doit favoriser le questionnement, la participation active et la prise de parole de chacun pour aboutir \u00e0 un passage \u00e0 l\u2019action.<\/p>\n\n\n\n<p>La cr\u00e9ation artistique comme langage universel, est un moyen d\u2019expression, de communication et de compr\u00e9hension du monde, au service de la paix.<\/p>\n<\/div>\n\n\n\n<div class=\"wp-block-column is-layout-flow wp-block-column-is-layout-flow\">\n<figure class=\"wp-block-image aligncenter size-full is-resized\"><img decoding=\"async\" data-src=\"https:\/\/www.ecoledelapaix.org\/wordpress\/wp-content\/uploads\/2023\/03\/17_ODD.png\" alt=\"\" class=\"wp-image-1183 lazyload\" width=\"424\" height=\"251\" src=\"data:image\/svg+xml;base64,PHN2ZyB3aWR0aD0iMSIgaGVpZ2h0PSIxIiB4bWxucz0iaHR0cDovL3d3dy53My5vcmcvMjAwMC9zdmciPjwvc3ZnPg==\" style=\"--smush-placeholder-width: 424px; --smush-placeholder-aspect-ratio: 424\/251;\" \/><figcaption class=\"wp-element-caption\">Les 17 Objectifs de D\u00e9veloppement Durable<\/figcaption><\/figure>\n<\/div>\n<\/div>\n\n\n\n<p><a href=\"https:\/\/www.ecoledelapaix.org\/wordpress\/boutique\/catalogue-nous-contacter\/\">Retrouvez ici nos offres en milieu scolaire<\/a><\/p>\n\n\n\n<h2 class=\"has-text-align-left wp-block-heading\">Animations en milieu scolaire<\/h2>\n\n\n\n<p>Nos animations ont \u00e9t\u00e9 \u00e9labor\u00e9s par des \u00e9quipes form\u00e9es d\u2019enseignants, animateurs, psychologues, sociologues.<\/p>\n\n\n\n<div class=\"wp-block-columns is-layout-flex wp-container-core-columns-is-layout-28f84493 wp-block-columns-is-layout-flex\">\n<div class=\"wp-block-column is-layout-flow wp-block-column-is-layout-flow\" style=\"flex-basis:66.66%\">\n<p>\u2666 <strong>Des lois pour vivre ensemble (9-13 ans)<\/strong><br>Que dit la loi&nbsp;? Que signifie la loi&nbsp;? Comment int\u00e9grer cette fameuse Loi symbolique qui interdit de faire de l\u2019autre ce que l\u2019on veut, quand on veut, comme on veut&nbsp;?<\/p>\n\n\n\n<p><a href=\"https:\/\/www.ecoledelapaix.org\/wordpress\/contact\/\">Contactez-nous pour r\u00e9server l\u2019animation<\/a><\/p>\n<\/div>\n\n\n\n<div class=\"wp-block-column is-layout-flow wp-block-column-is-layout-flow\" style=\"flex-basis:33.33%\">\n<figure class=\"wp-block-image size-full\"><img decoding=\"async\" width=\"126\" height=\"113\" data-src=\"https:\/\/www.ecoledelapaix.org\/wordpress\/wp-content\/uploads\/2023\/02\/image-1.png\" alt=\"\" class=\"wp-image-1098 lazyload\" src=\"data:image\/svg+xml;base64,PHN2ZyB3aWR0aD0iMSIgaGVpZ2h0PSIxIiB4bWxucz0iaHR0cDovL3d3dy53My5vcmcvMjAwMC9zdmciPjwvc3ZnPg==\" style=\"--smush-placeholder-width: 126px; --smush-placeholder-aspect-ratio: 126\/113;\" \/><\/figure>\n<\/div>\n<\/div>\n\n\n\n<p>\u2666 <strong>La Mallette cacao (9-11 ans)<\/strong><\/p>\n\n\n\n<p>Comment faire le lien entre le d\u00e9veloppement solidaire, le commerce \u00e9quitable et la paix&nbsp;? Les enfants jouent les r\u00f4les des petits producteurs, des interm\u00e9diaires, des exportateurs. Ils en comprennent alors les enjeux.<br><a href=\"https:\/\/www.ecoledelapaix.org\/wordpress\/contact\/\">Contactez-nous pour r\u00e9server l\u2019animation<\/a><\/p>\n\n\n\n<figure class=\"wp-block-image size-large\"><img decoding=\"async\" width=\"1024\" height=\"398\" data-src=\"https:\/\/www.ecoledelapaix.org\/wordpress\/wp-content\/uploads\/2023\/03\/Mallette-cacao-Karima-Tableau-Reduit-1024x398.jpg\" alt=\"\" class=\"wp-image-1143 lazyload\" src=\"data:image\/svg+xml;base64,PHN2ZyB3aWR0aD0iMSIgaGVpZ2h0PSIxIiB4bWxucz0iaHR0cDovL3d3dy53My5vcmcvMjAwMC9zdmciPjwvc3ZnPg==\" style=\"--smush-placeholder-width: 1024px; --smush-placeholder-aspect-ratio: 1024\/398;\" \/><\/figure>\n\n\n\n<p>\u2666 <strong>R\u00eave d\u2019Europe (9-11 ans)<\/strong><br>La construction europ\u00e9enne \u00e0 travers les grandes \u00e9tapes, les grands personnages qui ont fa\u00e7onn\u00e9 cette page d\u2019histoire. Des exercices interactifs adapt\u00e9s \u00e0 l\u2019\u00e2ge et au programme scolaire pour mieux en percevoir les enjeux.<br><a href=\"https:\/\/www.ecoledelapaix.org\/wordpress\/contact\/\">Contactez-nous pour r\u00e9server l\u2019animation<\/a><\/p>\n\n\n\n<p>\u2666 <strong>Pr\u00e9vention de la violence (11-16 ans)<\/strong><br>Reconna\u00eetre et diff\u00e9rencier les types de violence, prendre conscience de la port\u00e9e des mots, les cons\u00e9quences de ses paroles et de ses actes.<br>Comprendre ses sentiments, ses r\u00e9actions et respecter ceux des autres.<br>D\u00e9couvrir les valeurs fondamentales, les reconna\u00eetre et les respecter.<br>Proposer des strat\u00e9gies proactives pour bien vivre ensemble.<br><a href=\"https:\/\/www.ecoledelapaix.org\/wordpress\/contact\/\">Contactez-nous pour r\u00e9server l\u2019animation<\/a><\/p>\n\n\n\n<p>\u2666 <strong>Mallette<\/strong> <strong>\u00ab&nbsp;Objectif paix&nbsp;\u00bb (7-12 ans)<\/strong><br>Mallette \u00e9ducative pour parler aux enfants des diff\u00e9rences, des perceptions, de la tol\u00e9rance, de la toute puissance, de la gestion des conflits.<\/p>\n\n\n\n<p><a href=\"http:\/\/www.ecoledelapaix.org\/IMG\/pdf\/objectif_paix.pdf\" target=\"_blank\" rel=\"noreferrer noopener\">Voir la fiche p\u00e9dagogique<\/a><\/p>\n\n\n\n<p>Vous pouvez louer ou bien acheter cette mallette. Vous pouvez aussi nous demander d&rsquo;intervenir \u00e0 partir d&rsquo;un des 4 parcours de la mallette objectif paix.<\/p>\n\n\n\n<figure class=\"wp-block-image aligncenter size-full\"><img decoding=\"async\" width=\"510\" height=\"130\" data-src=\"https:\/\/www.ecoledelapaix.org\/wordpress\/wp-content\/uploads\/2023\/03\/Malette-objectif-paix-large-4-parcours.png\" alt=\"\" class=\"wp-image-1145 lazyload\" data-srcset=\"https:\/\/www.ecoledelapaix.org\/wordpress\/wp-content\/uploads\/2023\/03\/Malette-objectif-paix-large-4-parcours.png 510w, https:\/\/www.ecoledelapaix.org\/wordpress\/wp-content\/uploads\/2023\/03\/Malette-objectif-paix-large-4-parcours-300x76.png 300w\" data-sizes=\"(max-width: 510px) 100vw, 510px\" src=\"data:image\/svg+xml;base64,PHN2ZyB3aWR0aD0iMSIgaGVpZ2h0PSIxIiB4bWxucz0iaHR0cDovL3d3dy53My5vcmcvMjAwMC9zdmciPjwvc3ZnPg==\" style=\"--smush-placeholder-width: 510px; --smush-placeholder-aspect-ratio: 510\/130;\" \/><\/figure>\n\n\n\n<p><\/p>\n","protected":false},"excerpt":{"rendered":"<p>L\u2019Ecole de la paix d\u00e9veloppe des animations et des outils issus de l\u2019\u00e9ducation populaire. L\u2019Education \u00e0 la Citoyennet\u00e9 et la<\/p>\n","protected":false},"author":2,"featured_media":0,"parent":0,"menu_order":0,"comment_status":"closed","ping_status":"closed","template":"","meta":{"footnotes":""},"class_list":["post-346","page","type-page","status-publish","hentry"],"yoast_head":"<!-- This site is optimized with the Yoast SEO plugin v26.3 - https:\/\/yoast.com\/wordpress\/plugins\/seo\/ -->\n<title>Interventions en milieu scolaire - Ensemble,<\/title>\n<meta name=\"robots\" content=\"index, follow, max-snippet:-1, max-image-preview:large, max-video-preview:-1\" \/>\n<link rel=\"canonical\" href=\"https:\/\/www.ecoledelapaix.org\/wordpress\/interventions-en-milieu-scolaire\/\" \/>\n<meta property=\"og:locale\" content=\"fr_FR\" \/>\n<meta property=\"og:type\" content=\"article\" \/>\n<meta property=\"og:title\" content=\"Interventions en milieu scolaire - Ensemble,\" \/>\n<meta property=\"og:description\" content=\"L\u2019Ecole de la paix d\u00e9veloppe des animations et des outils issus de l\u2019\u00e9ducation populaire. L\u2019Education \u00e0 la Citoyennet\u00e9 et la\" \/>\n<meta property=\"og:url\" content=\"https:\/\/www.ecoledelapaix.org\/wordpress\/interventions-en-milieu-scolaire\/\" \/>\n<meta property=\"og:site_name\" content=\"Ensemble,\" \/>\n<meta property=\"article:modified_time\" content=\"2023-03-13T16:59:18+00:00\" \/>\n<meta property=\"og:image\" content=\"https:\/\/www.ecoledelapaix.org\/wordpress\/wp-content\/uploads\/2023\/03\/17_ODD.png\" \/>\n<meta name=\"twitter:card\" content=\"summary_large_image\" \/>\n<meta name=\"twitter:label1\" content=\"Dur\u00e9e de lecture estim\u00e9e\" \/>\n\t<meta name=\"twitter:data1\" content=\"3 minutes\" \/>\n<script type=\"application\/ld+json\" class=\"yoast-schema-graph\">{\"@context\":\"https:\/\/schema.org\",\"@graph\":[{\"@type\":\"WebPage\",\"@id\":\"https:\/\/www.ecoledelapaix.org\/wordpress\/interventions-en-milieu-scolaire\/\",\"url\":\"https:\/\/www.ecoledelapaix.org\/wordpress\/interventions-en-milieu-scolaire\/\",\"name\":\"Interventions en milieu scolaire - Ensemble,\",\"isPartOf\":{\"@id\":\"https:\/\/www.ecoledelapaix.org\/wordpress\/#website\"},\"primaryImageOfPage\":{\"@id\":\"https:\/\/www.ecoledelapaix.org\/wordpress\/interventions-en-milieu-scolaire\/#primaryimage\"},\"image\":{\"@id\":\"https:\/\/www.ecoledelapaix.org\/wordpress\/interventions-en-milieu-scolaire\/#primaryimage\"},\"thumbnailUrl\":\"https:\/\/www.ecoledelapaix.org\/wordpress\/wp-content\/uploads\/2023\/03\/17_ODD.png\",\"datePublished\":\"2022-02-08T12:48:27+00:00\",\"dateModified\":\"2023-03-13T16:59:18+00:00\",\"breadcrumb\":{\"@id\":\"https:\/\/www.ecoledelapaix.org\/wordpress\/interventions-en-milieu-scolaire\/#breadcrumb\"},\"inLanguage\":\"fr-FR\",\"potentialAction\":[{\"@type\":\"ReadAction\",\"target\":[\"https:\/\/www.ecoledelapaix.org\/wordpress\/interventions-en-milieu-scolaire\/\"]}]},{\"@type\":\"ImageObject\",\"inLanguage\":\"fr-FR\",\"@id\":\"https:\/\/www.ecoledelapaix.org\/wordpress\/interventions-en-milieu-scolaire\/#primaryimage\",\"url\":\"https:\/\/www.ecoledelapaix.org\/wordpress\/wp-content\/uploads\/2023\/03\/17_ODD.png\",\"contentUrl\":\"https:\/\/www.ecoledelapaix.org\/wordpress\/wp-content\/uploads\/2023\/03\/17_ODD.png\",\"width\":292,\"height\":173},{\"@type\":\"BreadcrumbList\",\"@id\":\"https:\/\/www.ecoledelapaix.org\/wordpress\/interventions-en-milieu-scolaire\/#breadcrumb\",\"itemListElement\":[{\"@type\":\"ListItem\",\"position\":1,\"name\":\"Accueil\",\"item\":\"http:\/\/www.ecoledelapaix.org\/wordpress\/\"},{\"@type\":\"ListItem\",\"position\":2,\"name\":\"Interventions en milieu scolaire\"}]},{\"@type\":\"WebSite\",\"@id\":\"https:\/\/www.ecoledelapaix.org\/wordpress\/#website\",\"url\":\"https:\/\/www.ecoledelapaix.org\/wordpress\/\",\"name\":\"Ensemble,\",\"description\":\"agissons pour la paix par l&#039;\u00e9ducation\",\"publisher\":{\"@id\":\"https:\/\/www.ecoledelapaix.org\/wordpress\/#organization\"},\"potentialAction\":[{\"@type\":\"SearchAction\",\"target\":{\"@type\":\"EntryPoint\",\"urlTemplate\":\"https:\/\/www.ecoledelapaix.org\/wordpress\/?s={search_term_string}\"},\"query-input\":{\"@type\":\"PropertyValueSpecification\",\"valueRequired\":true,\"valueName\":\"search_term_string\"}}],\"inLanguage\":\"fr-FR\"},{\"@type\":\"Organization\",\"@id\":\"https:\/\/www.ecoledelapaix.org\/wordpress\/#organization\",\"name\":\"\u00c9cole de la paix\",\"url\":\"https:\/\/www.ecoledelapaix.org\/wordpress\/\",\"logo\":{\"@type\":\"ImageObject\",\"inLanguage\":\"fr-FR\",\"@id\":\"https:\/\/www.ecoledelapaix.org\/wordpress\/#\/schema\/logo\/image\/\",\"url\":\"https:\/\/www.ecoledelapaix.org\/wordpress\/wp-content\/uploads\/2022\/01\/cropped-LOGO.png\",\"contentUrl\":\"https:\/\/www.ecoledelapaix.org\/wordpress\/wp-content\/uploads\/2022\/01\/cropped-LOGO.png\",\"width\":200,\"height\":85,\"caption\":\"\u00c9cole de la paix\"},\"image\":{\"@id\":\"https:\/\/www.ecoledelapaix.org\/wordpress\/#\/schema\/logo\/image\/\"}}]}<\/script>\n<!-- \/ Yoast SEO plugin. -->","yoast_head_json":{"title":"Interventions en milieu scolaire - Ensemble,","robots":{"index":"index","follow":"follow","max-snippet":"max-snippet:-1","max-image-preview":"max-image-preview:large","max-video-preview":"max-video-preview:-1"},"canonical":"https:\/\/www.ecoledelapaix.org\/wordpress\/interventions-en-milieu-scolaire\/","og_locale":"fr_FR","og_type":"article","og_title":"Interventions en milieu scolaire - Ensemble,","og_description":"L\u2019Ecole de la paix d\u00e9veloppe des animations et des outils issus de l\u2019\u00e9ducation populaire. L\u2019Education \u00e0 la Citoyennet\u00e9 et la","og_url":"https:\/\/www.ecoledelapaix.org\/wordpress\/interventions-en-milieu-scolaire\/","og_site_name":"Ensemble,","article_modified_time":"2023-03-13T16:59:18+00:00","og_image":[{"url":"https:\/\/www.ecoledelapaix.org\/wordpress\/wp-content\/uploads\/2023\/03\/17_ODD.png","type":"","width":"","height":""}],"twitter_card":"summary_large_image","twitter_misc":{"Dur\u00e9e de lecture estim\u00e9e":"3 minutes"},"schema":{"@context":"https:\/\/schema.org","@graph":[{"@type":"WebPage","@id":"https:\/\/www.ecoledelapaix.org\/wordpress\/interventions-en-milieu-scolaire\/","url":"https:\/\/www.ecoledelapaix.org\/wordpress\/interventions-en-milieu-scolaire\/","name":"Interventions en milieu scolaire - Ensemble,","isPartOf":{"@id":"https:\/\/www.ecoledelapaix.org\/wordpress\/#website"},"primaryImageOfPage":{"@id":"https:\/\/www.ecoledelapaix.org\/wordpress\/interventions-en-milieu-scolaire\/#primaryimage"},"image":{"@id":"https:\/\/www.ecoledelapaix.org\/wordpress\/interventions-en-milieu-scolaire\/#primaryimage"},"thumbnailUrl":"https:\/\/www.ecoledelapaix.org\/wordpress\/wp-content\/uploads\/2023\/03\/17_ODD.png","datePublished":"2022-02-08T12:48:27+00:00","dateModified":"2023-03-13T16:59:18+00:00","breadcrumb":{"@id":"https:\/\/www.ecoledelapaix.org\/wordpress\/interventions-en-milieu-scolaire\/#breadcrumb"},"inLanguage":"fr-FR","potentialAction":[{"@type":"ReadAction","target":["https:\/\/www.ecoledelapaix.org\/wordpress\/interventions-en-milieu-scolaire\/"]}]},{"@type":"ImageObject","inLanguage":"fr-FR","@id":"https:\/\/www.ecoledelapaix.org\/wordpress\/interventions-en-milieu-scolaire\/#primaryimage","url":"https:\/\/www.ecoledelapaix.org\/wordpress\/wp-content\/uploads\/2023\/03\/17_ODD.png","contentUrl":"https:\/\/www.ecoledelapaix.org\/wordpress\/wp-content\/uploads\/2023\/03\/17_ODD.png","width":292,"height":173},{"@type":"BreadcrumbList","@id":"https:\/\/www.ecoledelapaix.org\/wordpress\/interventions-en-milieu-scolaire\/#breadcrumb","itemListElement":[{"@type":"ListItem","position":1,"name":"Accueil","item":"http:\/\/www.ecoledelapaix.org\/wordpress\/"},{"@type":"ListItem","position":2,"name":"Interventions en milieu scolaire"}]},{"@type":"WebSite","@id":"https:\/\/www.ecoledelapaix.org\/wordpress\/#website","url":"https:\/\/www.ecoledelapaix.org\/wordpress\/","name":"Ensemble,","description":"agissons pour la paix par l&#039;\u00e9ducation","publisher":{"@id":"https:\/\/www.ecoledelapaix.org\/wordpress\/#organization"},"potentialAction":[{"@type":"SearchAction","target":{"@type":"EntryPoint","urlTemplate":"https:\/\/www.ecoledelapaix.org\/wordpress\/?s={search_term_string}"},"query-input":{"@type":"PropertyValueSpecification","valueRequired":true,"valueName":"search_term_string"}}],"inLanguage":"fr-FR"},{"@type":"Organization","@id":"https:\/\/www.ecoledelapaix.org\/wordpress\/#organization","name":"\u00c9cole de la paix","url":"https:\/\/www.ecoledelapaix.org\/wordpress\/","logo":{"@type":"ImageObject","inLanguage":"fr-FR","@id":"https:\/\/www.ecoledelapaix.org\/wordpress\/#\/schema\/logo\/image\/","url":"https:\/\/www.ecoledelapaix.org\/wordpress\/wp-content\/uploads\/2022\/01\/cropped-LOGO.png","contentUrl":"https:\/\/www.ecoledelapaix.org\/wordpress\/wp-content\/uploads\/2022\/01\/cropped-LOGO.png","width":200,"height":85,"caption":"\u00c9cole de la paix"},"image":{"@id":"https:\/\/www.ecoledelapaix.org\/wordpress\/#\/schema\/logo\/image\/"}}]}},"_links":{"self":[{"href":"https:\/\/www.ecoledelapaix.org\/wordpress\/wp-json\/wp\/v2\/pages\/346","targetHints":{"allow":["GET"]}}],"collection":[{"href":"https:\/\/www.ecoledelapaix.org\/wordpress\/wp-json\/wp\/v2\/pages"}],"about":[{"href":"https:\/\/www.ecoledelapaix.org\/wordpress\/wp-json\/wp\/v2\/types\/page"}],"author":[{"embeddable":true,"href":"https:\/\/www.ecoledelapaix.org\/wordpress\/wp-json\/wp\/v2\/users\/2"}],"replies":[{"embeddable":true,"href":"https:\/\/www.ecoledelapaix.org\/wordpress\/wp-json\/wp\/v2\/comments?post=346"}],"version-history":[{"count":17,"href":"https:\/\/www.ecoledelapaix.org\/wordpress\/wp-json\/wp\/v2\/pages\/346\/revisions"}],"predecessor-version":[{"id":1224,"href":"https:\/\/www.ecoledelapaix.org\/wordpress\/wp-json\/wp\/v2\/pages\/346\/revisions\/1224"}],"wp:attachment":[{"href":"https:\/\/www.ecoledelapaix.org\/wordpress\/wp-json\/wp\/v2\/media?parent=346"}],"curies":[{"name":"wp","href":"https:\/\/api.w.org\/{rel}","templated":true}]}}