{"id":399,"date":"2022-02-09T11:40:29","date_gmt":"2022-02-09T10:40:29","guid":{"rendered":"https:\/\/www.ecoledelapaix.org\/wordpress\/?page_id=399"},"modified":"2023-02-23T15:00:33","modified_gmt":"2023-02-23T14:00:33","slug":"animations-et-formations","status":"publish","type":"page","link":"https:\/\/www.ecoledelapaix.org\/wordpress\/animations-et-formations\/","title":{"rendered":"Animations et formations"},"content":{"rendered":"\n<div class=\"wp-block-media-text alignfull has-media-on-the-right is-stacked-on-mobile is-vertically-aligned-center\" style=\"grid-template-columns:auto 20%\"><div class=\"wp-block-media-text__content\">\n<p><strong>Nous proposons des animations et des formations pour les \u00e9coles et pour les formateurs, sur des th\u00e8mes qui correspondent \u00e0 des besoins r\u00e9currents des \u00e9tablissements.<br>Nous cr\u00e9ons aussi, sur demande, des animations et des formations sp\u00e9cifiques.<\/strong><\/p>\n<\/div><figure class=\"wp-block-media-text__media\"><img decoding=\"async\" width=\"227\" height=\"133\" data-src=\"https:\/\/www.ecoledelapaix.org\/wordpress\/wp-content\/uploads\/2022\/02\/karimanim.jpg\" alt=\"\" class=\"wp-image-400 size-full lazyload\" src=\"data:image\/svg+xml;base64,PHN2ZyB3aWR0aD0iMSIgaGVpZ2h0PSIxIiB4bWxucz0iaHR0cDovL3d3dy53My5vcmcvMjAwMC9zdmciPjwvc3ZnPg==\" style=\"--smush-placeholder-width: 227px; --smush-placeholder-aspect-ratio: 227\/133;\" \/><\/figure><\/div>\n\n\n\n<p><br>> ANIMATIONS EN MILIEU SCOLAIRE<\/p>\n\n\n\n<p>\u2666 <strong>Des lois pour vivre ensemble (9-13 ans)<\/strong><br>Que dit la loi&nbsp;? Que signifie la loi&nbsp;? Comment int\u00e9grer cette fameuse Loi symbolique qui interdit de faire de l\u2019autre ce que l\u2019on veut, quand on veut, comme on veut&nbsp;?<br><a href=\"http:\/\/www.ecoledelapaix.org\/spip.php?article65\">R\u00e9server l\u2019animation<\/a><\/p>\n\n\n\n<p>\u2666 <strong>La Mallette cacao (9-11 ans)<\/strong><br>Comment faire le lien entre le d\u00e9veloppement solidaire, le commerce \u00e9quitable et la paix&nbsp;? Les enfants jouent les r\u00f4les des petits producteurs, des interm\u00e9diaires, des exportateurs. Ils en comprennent alors les enjeux.<br><a href=\"http:\/\/www.ecoledelapaix.org\/spip.php?article65\">R\u00e9server l\u2019animation<\/a><\/p>\n\n\n\n<p>\u2666 <strong>R\u00eave d\u2019Europe (9-11 ans)<\/strong><br>La construction europ\u00e9enne \u00e0 travers les grandes \u00e9tapes, les grands personnages qui ont fa\u00e7onn\u00e9 cette page d\u2019histoire. Des exercices interactifs adapt\u00e9s \u00e0 l\u2019\u00e2ge et au programme scolaire pour mieux en percevoir les enjeux.<br><a href=\"http:\/\/www.ecoledelapaix.org\/spip.php?article65\">R\u00e9server l\u2019animation<\/a><\/p>\n\n\n\n<p>\u2666 <strong>Pr\u00e9vention de la violence (11-16 ans)<\/strong><br>Reconna\u00eetre et diff\u00e9rencier les types de violence, prendre conscience de la port\u00e9e des mots, les cons\u00e9quences de ses paroles et de ses actes.<br>Comprendre ses sentiments, ses r\u00e9actions et respecter ceux des autres.<br>D\u00e9couvrir les valeurs fondamentales, les reconna\u00eetre et les respecter.<br>Proposer des strat\u00e9gies proactives pour bien vivre ensemble.<br><a href=\"http:\/\/www.ecoledelapaix.org\/spip.php?article65\">R\u00e9server l\u2019animation<\/a><\/p>\n\n\n\n<p><img decoding=\"async\" data-src=\"http:\/\/www.ecoledelapaix.org\/IMG\/jpg\/formationw.jpg\" alt=\"\" width=\"331\" height=\"146\" src=\"data:image\/svg+xml;base64,PHN2ZyB3aWR0aD0iMSIgaGVpZ2h0PSIxIiB4bWxucz0iaHR0cDovL3d3dy53My5vcmcvMjAwMC9zdmciPjwvc3ZnPg==\" class=\"lazyload\" style=\"--smush-placeholder-width: 331px; --smush-placeholder-aspect-ratio: 331\/146;\"><br>&gt; FORMATIONS<\/p>\n\n\n\n<p>\u2666 <strong>Formation de formateurs<\/strong><br>Un temps dans l\u2019ann\u00e9e pour apprendre \u00e0 mieux d\u00e9crypter les diff\u00e9rents types de langage, interpr\u00eater les r\u00e9actions, analyser les pratiques : Autant d\u2019\u00e9l\u00e9ments pour am\u00e9liorer la gestion d\u2019un groupe, \u00e9viter les d\u00e9rives et les relations qui conduisent aux conflits.<br><a href=\"http:\/\/www.ecoledelapaix.org\/spip.php?article65\">R\u00e9server l\u2019animation<\/a><\/p>\n\n\n\n<p>\u2666 <strong>Animation ou formation de formateur sur demande<\/strong><br>Vous pouvez contacter le Pr\u00e9sident de l\u2019\u00e9cole de la paix, <a href=\"mailto:richard.petris@ecoledelapaix.org\">Richard P\u00e9tris<\/a>, qui fera une proposition pr\u00e9cise \u00e0 partir des objectifs fix\u00e9s.<\/p>\n","protected":false},"excerpt":{"rendered":"<p>Nous proposons des animations et des formations pour les \u00e9coles et pour les formateurs, sur des th\u00e8mes qui correspondent \u00e0<\/p>\n","protected":false},"author":2,"featured_media":0,"parent":0,"menu_order":0,"comment_status":"closed","ping_status":"closed","template":"","meta":{"footnotes":""},"class_list":["post-399","page","type-page","status-publish","hentry"],"yoast_head":"<!-- This site is optimized with the Yoast SEO plugin v26.3 - https:\/\/yoast.com\/wordpress\/plugins\/seo\/ -->\n<title>Animations et formations - Ensemble,<\/title>\n<meta name=\"robots\" content=\"index, follow, max-snippet:-1, max-image-preview:large, max-video-preview:-1\" \/>\n<link rel=\"canonical\" href=\"https:\/\/www.ecoledelapaix.org\/wordpress\/animations-et-formations\/\" \/>\n<meta property=\"og:locale\" content=\"fr_FR\" \/>\n<meta property=\"og:type\" content=\"article\" \/>\n<meta property=\"og:title\" content=\"Animations et formations - Ensemble,\" \/>\n<meta property=\"og:description\" content=\"Nous proposons des animations et des formations pour les \u00e9coles et pour les formateurs, sur des th\u00e8mes qui correspondent \u00e0\" \/>\n<meta property=\"og:url\" content=\"https:\/\/www.ecoledelapaix.org\/wordpress\/animations-et-formations\/\" \/>\n<meta property=\"og:site_name\" content=\"Ensemble,\" \/>\n<meta property=\"article:modified_time\" content=\"2023-02-23T14:00:33+00:00\" \/>\n<meta property=\"og:image\" content=\"https:\/\/www.ecoledelapaix.org\/wordpress\/wp-content\/uploads\/2022\/02\/karimanim.jpg\" \/>\n<meta name=\"twitter:card\" content=\"summary_large_image\" \/>\n<meta name=\"twitter:label1\" content=\"Dur\u00e9e de lecture estim\u00e9e\" \/>\n\t<meta name=\"twitter:data1\" content=\"2 minutes\" \/>\n<script type=\"application\/ld+json\" class=\"yoast-schema-graph\">{\"@context\":\"https:\/\/schema.org\",\"@graph\":[{\"@type\":\"WebPage\",\"@id\":\"https:\/\/www.ecoledelapaix.org\/wordpress\/animations-et-formations\/\",\"url\":\"https:\/\/www.ecoledelapaix.org\/wordpress\/animations-et-formations\/\",\"name\":\"Animations et formations - Ensemble,\",\"isPartOf\":{\"@id\":\"https:\/\/www.ecoledelapaix.org\/wordpress\/#website\"},\"primaryImageOfPage\":{\"@id\":\"https:\/\/www.ecoledelapaix.org\/wordpress\/animations-et-formations\/#primaryimage\"},\"image\":{\"@id\":\"https:\/\/www.ecoledelapaix.org\/wordpress\/animations-et-formations\/#primaryimage\"},\"thumbnailUrl\":\"https:\/\/www.ecoledelapaix.org\/wordpress\/wp-content\/uploads\/2022\/02\/karimanim.jpg\",\"datePublished\":\"2022-02-09T10:40:29+00:00\",\"dateModified\":\"2023-02-23T14:00:33+00:00\",\"breadcrumb\":{\"@id\":\"https:\/\/www.ecoledelapaix.org\/wordpress\/animations-et-formations\/#breadcrumb\"},\"inLanguage\":\"fr-FR\",\"potentialAction\":[{\"@type\":\"ReadAction\",\"target\":[\"https:\/\/www.ecoledelapaix.org\/wordpress\/animations-et-formations\/\"]}]},{\"@type\":\"ImageObject\",\"inLanguage\":\"fr-FR\",\"@id\":\"https:\/\/www.ecoledelapaix.org\/wordpress\/animations-et-formations\/#primaryimage\",\"url\":\"https:\/\/www.ecoledelapaix.org\/wordpress\/wp-content\/uploads\/2022\/02\/karimanim.jpg\",\"contentUrl\":\"https:\/\/www.ecoledelapaix.org\/wordpress\/wp-content\/uploads\/2022\/02\/karimanim.jpg\",\"width\":227,\"height\":133},{\"@type\":\"BreadcrumbList\",\"@id\":\"https:\/\/www.ecoledelapaix.org\/wordpress\/animations-et-formations\/#breadcrumb\",\"itemListElement\":[{\"@type\":\"ListItem\",\"position\":1,\"name\":\"Accueil\",\"item\":\"http:\/\/www.ecoledelapaix.org\/wordpress\/\"},{\"@type\":\"ListItem\",\"position\":2,\"name\":\"Animations et formations\"}]},{\"@type\":\"WebSite\",\"@id\":\"https:\/\/www.ecoledelapaix.org\/wordpress\/#website\",\"url\":\"https:\/\/www.ecoledelapaix.org\/wordpress\/\",\"name\":\"Ensemble,\",\"description\":\"agissons pour la paix par l&#039;\u00e9ducation\",\"publisher\":{\"@id\":\"https:\/\/www.ecoledelapaix.org\/wordpress\/#organization\"},\"potentialAction\":[{\"@type\":\"SearchAction\",\"target\":{\"@type\":\"EntryPoint\",\"urlTemplate\":\"https:\/\/www.ecoledelapaix.org\/wordpress\/?s={search_term_string}\"},\"query-input\":{\"@type\":\"PropertyValueSpecification\",\"valueRequired\":true,\"valueName\":\"search_term_string\"}}],\"inLanguage\":\"fr-FR\"},{\"@type\":\"Organization\",\"@id\":\"https:\/\/www.ecoledelapaix.org\/wordpress\/#organization\",\"name\":\"\u00c9cole de la paix\",\"url\":\"https:\/\/www.ecoledelapaix.org\/wordpress\/\",\"logo\":{\"@type\":\"ImageObject\",\"inLanguage\":\"fr-FR\",\"@id\":\"https:\/\/www.ecoledelapaix.org\/wordpress\/#\/schema\/logo\/image\/\",\"url\":\"https:\/\/www.ecoledelapaix.org\/wordpress\/wp-content\/uploads\/2022\/01\/cropped-LOGO.png\",\"contentUrl\":\"https:\/\/www.ecoledelapaix.org\/wordpress\/wp-content\/uploads\/2022\/01\/cropped-LOGO.png\",\"width\":200,\"height\":85,\"caption\":\"\u00c9cole de la paix\"},\"image\":{\"@id\":\"https:\/\/www.ecoledelapaix.org\/wordpress\/#\/schema\/logo\/image\/\"}}]}<\/script>\n<!-- \/ Yoast SEO plugin. -->","yoast_head_json":{"title":"Animations et formations - Ensemble,","robots":{"index":"index","follow":"follow","max-snippet":"max-snippet:-1","max-image-preview":"max-image-preview:large","max-video-preview":"max-video-preview:-1"},"canonical":"https:\/\/www.ecoledelapaix.org\/wordpress\/animations-et-formations\/","og_locale":"fr_FR","og_type":"article","og_title":"Animations et formations - Ensemble,","og_description":"Nous proposons des animations et des formations pour les \u00e9coles et pour les formateurs, sur des th\u00e8mes qui correspondent \u00e0","og_url":"https:\/\/www.ecoledelapaix.org\/wordpress\/animations-et-formations\/","og_site_name":"Ensemble,","article_modified_time":"2023-02-23T14:00:33+00:00","og_image":[{"url":"https:\/\/www.ecoledelapaix.org\/wordpress\/wp-content\/uploads\/2022\/02\/karimanim.jpg","type":"","width":"","height":""}],"twitter_card":"summary_large_image","twitter_misc":{"Dur\u00e9e de lecture estim\u00e9e":"2 minutes"},"schema":{"@context":"https:\/\/schema.org","@graph":[{"@type":"WebPage","@id":"https:\/\/www.ecoledelapaix.org\/wordpress\/animations-et-formations\/","url":"https:\/\/www.ecoledelapaix.org\/wordpress\/animations-et-formations\/","name":"Animations et formations - Ensemble,","isPartOf":{"@id":"https:\/\/www.ecoledelapaix.org\/wordpress\/#website"},"primaryImageOfPage":{"@id":"https:\/\/www.ecoledelapaix.org\/wordpress\/animations-et-formations\/#primaryimage"},"image":{"@id":"https:\/\/www.ecoledelapaix.org\/wordpress\/animations-et-formations\/#primaryimage"},"thumbnailUrl":"https:\/\/www.ecoledelapaix.org\/wordpress\/wp-content\/uploads\/2022\/02\/karimanim.jpg","datePublished":"2022-02-09T10:40:29+00:00","dateModified":"2023-02-23T14:00:33+00:00","breadcrumb":{"@id":"https:\/\/www.ecoledelapaix.org\/wordpress\/animations-et-formations\/#breadcrumb"},"inLanguage":"fr-FR","potentialAction":[{"@type":"ReadAction","target":["https:\/\/www.ecoledelapaix.org\/wordpress\/animations-et-formations\/"]}]},{"@type":"ImageObject","inLanguage":"fr-FR","@id":"https:\/\/www.ecoledelapaix.org\/wordpress\/animations-et-formations\/#primaryimage","url":"https:\/\/www.ecoledelapaix.org\/wordpress\/wp-content\/uploads\/2022\/02\/karimanim.jpg","contentUrl":"https:\/\/www.ecoledelapaix.org\/wordpress\/wp-content\/uploads\/2022\/02\/karimanim.jpg","width":227,"height":133},{"@type":"BreadcrumbList","@id":"https:\/\/www.ecoledelapaix.org\/wordpress\/animations-et-formations\/#breadcrumb","itemListElement":[{"@type":"ListItem","position":1,"name":"Accueil","item":"http:\/\/www.ecoledelapaix.org\/wordpress\/"},{"@type":"ListItem","position":2,"name":"Animations et formations"}]},{"@type":"WebSite","@id":"https:\/\/www.ecoledelapaix.org\/wordpress\/#website","url":"https:\/\/www.ecoledelapaix.org\/wordpress\/","name":"Ensemble,","description":"agissons pour la paix par l&#039;\u00e9ducation","publisher":{"@id":"https:\/\/www.ecoledelapaix.org\/wordpress\/#organization"},"potentialAction":[{"@type":"SearchAction","target":{"@type":"EntryPoint","urlTemplate":"https:\/\/www.ecoledelapaix.org\/wordpress\/?s={search_term_string}"},"query-input":{"@type":"PropertyValueSpecification","valueRequired":true,"valueName":"search_term_string"}}],"inLanguage":"fr-FR"},{"@type":"Organization","@id":"https:\/\/www.ecoledelapaix.org\/wordpress\/#organization","name":"\u00c9cole de la paix","url":"https:\/\/www.ecoledelapaix.org\/wordpress\/","logo":{"@type":"ImageObject","inLanguage":"fr-FR","@id":"https:\/\/www.ecoledelapaix.org\/wordpress\/#\/schema\/logo\/image\/","url":"https:\/\/www.ecoledelapaix.org\/wordpress\/wp-content\/uploads\/2022\/01\/cropped-LOGO.png","contentUrl":"https:\/\/www.ecoledelapaix.org\/wordpress\/wp-content\/uploads\/2022\/01\/cropped-LOGO.png","width":200,"height":85,"caption":"\u00c9cole de la paix"},"image":{"@id":"https:\/\/www.ecoledelapaix.org\/wordpress\/#\/schema\/logo\/image\/"}}]}},"_links":{"self":[{"href":"https:\/\/www.ecoledelapaix.org\/wordpress\/wp-json\/wp\/v2\/pages\/399","targetHints":{"allow":["GET"]}}],"collection":[{"href":"https:\/\/www.ecoledelapaix.org\/wordpress\/wp-json\/wp\/v2\/pages"}],"about":[{"href":"https:\/\/www.ecoledelapaix.org\/wordpress\/wp-json\/wp\/v2\/types\/page"}],"author":[{"embeddable":true,"href":"https:\/\/www.ecoledelapaix.org\/wordpress\/wp-json\/wp\/v2\/users\/2"}],"replies":[{"embeddable":true,"href":"https:\/\/www.ecoledelapaix.org\/wordpress\/wp-json\/wp\/v2\/comments?post=399"}],"version-history":[{"count":3,"href":"https:\/\/www.ecoledelapaix.org\/wordpress\/wp-json\/wp\/v2\/pages\/399\/revisions"}],"predecessor-version":[{"id":1048,"href":"https:\/\/www.ecoledelapaix.org\/wordpress\/wp-json\/wp\/v2\/pages\/399\/revisions\/1048"}],"wp:attachment":[{"href":"https:\/\/www.ecoledelapaix.org\/wordpress\/wp-json\/wp\/v2\/media?parent=399"}],"curies":[{"name":"wp","href":"https:\/\/api.w.org\/{rel}","templated":true}]}}