{"id":68,"date":"2022-01-07T11:46:08","date_gmt":"2022-01-07T10:46:08","guid":{"rendered":"http:\/\/www.ecoledelapaix.org\/wordpress\/?page_id=68"},"modified":"2023-03-28T12:45:28","modified_gmt":"2023-03-28T10:45:28","slug":"partenaires","status":"publish","type":"page","link":"https:\/\/www.ecoledelapaix.org\/wordpress\/partenaires\/","title":{"rendered":"Partenaires"},"content":{"rendered":"\n<div class=\"wp-block-cover alignfull is-light\" style=\"min-height:140px;aspect-ratio:unset;\"><span aria-hidden=\"true\" class=\"wp-block-cover__background has-background-dim\"><\/span><img decoding=\"async\" class=\"wp-block-cover__image-background wp-image-499 lazyload\" alt=\"\" data-src=\"http:\/\/localhost\/Reseau_France_Colombie_Solidarites\/wordpress\/wp-content\/uploads\/2021\/10\/colombes-1-1.jpg\" data-object-fit=\"cover\" src=\"data:image\/svg+xml;base64,PHN2ZyB3aWR0aD0iMSIgaGVpZ2h0PSIxIiB4bWxucz0iaHR0cDovL3d3dy53My5vcmcvMjAwMC9zdmciPjwvc3ZnPg==\" \/><div class=\"wp-block-cover__inner-container is-layout-flow wp-block-cover-is-layout-flow\">\n<p class=\"has-text-align-center has-large-font-size\"><strong>Nos partenaires<\/strong><\/p>\n<\/div><\/div>\n\n\n\n<div style=\"height:44px\" aria-hidden=\"true\" class=\"wp-block-spacer\"><\/div>\n\n\n\n<h3 class=\"wp-block-heading\"><strong>Membres fondateurs institutionnels<\/strong> <strong>et associations<\/strong><\/h3>\n\n\n\n<ul class=\"wp-block-list\">\n<li><a href=\"https:\/\/www.grenoble.fr\/\">La ville de Grenoble<\/a><\/li>\n\n\n\n<li><a href=\"http:\/\/fph.ch\/index_en.html\">La Fondation Charles-L\u00e9opold Mayer pour le Progr\u00e8s de l\u2019Homme-FPH<\/a><\/li>\n\n\n\n<li><a href=\"https:\/\/ccfd-terresolidaire.org\/\">Le Comit\u00e9 Catholique contre la Faim et pour le D\u00e9veloppement-CCFD<\/a><\/li>\n\n\n\n<li><a href=\"https:\/\/www.medecinsdumonde.org\/medecins-du-monde\/\">M\u00e9decins du monde<\/a><\/li>\n\n\n\n<li><a href=\"https:\/\/laligue.org\/\">La ligue de l\u2019enseignement<\/a><\/li>\n\n\n\n<li><a href=\"https:\/\/www.constellationart.org\/fr_FR\/\">L&rsquo;Association Constellation<\/a><\/li>\n\n\n\n<li><a href=\"http:\/\/www.resacoop.org\/\">RESACOOP<\/a><\/li>\n\n\n\n<li><a href=\"https:\/\/www.afd.fr\/fr\">Agence Fran\u00e7aise du D\u00e9veloppement<\/a><\/li>\n\n\n\n<li><a href=\"https:\/\/www.festivaldessolidarites.org\/\">FESTISOL<\/a><\/li>\n<\/ul>\n\n\n\n<h3 class=\"wp-block-heading\"><strong>Parrains<\/strong><\/h3>\n\n\n\n<ul class=\"wp-block-list\">\n<li>Olivier <strong>Abel<\/strong>, philosophe<\/li>\n\n\n\n<li>Guy <strong>Aurenche<\/strong>, avocat<\/li>\n\n\n\n<li>Dom <strong>Helder Camara<\/strong>, ancien \u00e9v\u00eaque br\u00e9silien \ufffd<\/li>\n\n\n\n<li>Pierre <strong>Calame<\/strong>, polytechnicien<\/li>\n\n\n\n<li>Michel <strong>Camdessus<\/strong>, Pr\u00e9sident des Semaines Sociales de France, ancien directeur du FMI<\/li>\n\n\n\n<li>Bernard <strong>Clavel<\/strong>, \u00e9crivain \ufffd<\/li>\n\n\n\n<li>No\u00ebl <strong>Copin<\/strong>, journaliste<\/li>\n\n\n\n<li>G\u00e9n\u00e9ral <strong>Cot<\/strong>, ancien commandant de la FORPRONU<\/li>\n\n\n\n<li>Christian <strong>Delorme<\/strong>, pr\u00eatre<\/li>\n\n\n\n<li>Francisco <strong>De Roux<\/strong>, j\u00e9suite<\/li>\n\n\n\n<li>Antoine <strong>Duchemin<\/strong><\/li>\n\n\n\n<li><strong>S\u0153ur Emmanuelle<\/strong>, religieuse humanitaire \ufffd<\/li>\n\n\n\n<li>Xavier <strong>Emmanuelli<\/strong>, m\u00e9decin, fondateur du Samu social<\/li>\n\n\n\n<li>Thierry <strong>Gaudin<\/strong>, polytechnicien<\/li>\n\n\n\n<li>Alfred <strong>Grosser<\/strong>, universitaire, historien<\/li>\n\n\n\n<li>Barbara <strong>Hendricks<\/strong>, cantatrice<\/li>\n\n\n\n<li>St\u00e9phane <strong>Hessel<\/strong>, ambassadeur<\/li>\n\n\n\n<li>Albert <strong>Jacquard<\/strong>, g\u00e9n\u00e9ticien<\/li>\n\n\n\n<li>Jean <strong>Lacouture<\/strong>, journaliste et \u00e9crivain<\/li>\n\n\n\n<li>Simone <strong>Lagrange<\/strong>, ancienne d\u00e9port\u00e9e, vice-pr\u00e9sidente du mus\u00e9e m\u00e9morial des enfants juifs d\u2019Izieu<\/li>\n\n\n\n<li>Claude <strong>Lorius<\/strong>, scientifique<\/li>\n\n\n\n<li>Monseigneur <strong>Matagrin<\/strong>, ancien \u00e9v\u00eaque de Grenoble \ufffd<\/li>\n\n\n\n<li>G\u00e9n\u00e9ral Philippe <strong>Morillon<\/strong>, ancien commandant des forces de l\u2019Onu en Bosnie, ancien d\u00e9put\u00e9 europ\u00e9en<\/li>\n\n\n\n<li>V\u00e9ronique <strong>Nahoum-Grappe<\/strong>, sociologue<\/li>\n\n\n\n<li>Jean-Marie <strong>Pelt<\/strong>, scientifique<\/li>\n\n\n\n<li>Adolfo <strong>Perez-Esquivel<\/strong>, prix Nobel de la paix 1980<\/li>\n\n\n\n<li>Ren\u00e9 <strong>R\u00e9mond<\/strong>, historien et acad\u00e9micien \ufffd<\/li>\n\n\n\n<li>Albert <strong>Samuel<\/strong>, enseignant, journaliste, \u00e9crivain<\/li>\n\n\n\n<li>Jacques <strong>S\u00e9melin<\/strong>, universitaire, historien<\/li>\n\n\n\n<li>Bernard <strong>Stasi<\/strong>, homme politique, ancien m\u00e9diateur de la R\u00e9publique \ufffd<\/li>\n\n\n\n<li>Elie <strong>Wiesel<\/strong>, \u00e9crivain et prix Nobel de la paix 1986<\/li>\n\n\n\n<li>Joseph <strong>Yacoub<\/strong>, universitaire<\/li>\n<\/ul>\n","protected":false},"excerpt":{"rendered":"<p>Membres fondateurs institutionnels et associations Parrains<\/p>\n","protected":false},"author":2,"featured_media":0,"parent":0,"menu_order":0,"comment_status":"closed","ping_status":"closed","template":"","meta":{"footnotes":""},"class_list":["post-68","page","type-page","status-publish","hentry"],"yoast_head":"<!-- This site is optimized with the Yoast SEO plugin v26.3 - https:\/\/yoast.com\/wordpress\/plugins\/seo\/ -->\n<title>Partenaires - Ensemble,<\/title>\n<meta name=\"robots\" content=\"index, follow, max-snippet:-1, max-image-preview:large, max-video-preview:-1\" \/>\n<link rel=\"canonical\" href=\"https:\/\/www.ecoledelapaix.org\/wordpress\/partenaires\/\" \/>\n<meta property=\"og:locale\" content=\"fr_FR\" \/>\n<meta property=\"og:type\" content=\"article\" \/>\n<meta property=\"og:title\" content=\"Partenaires - Ensemble,\" \/>\n<meta property=\"og:description\" content=\"Membres fondateurs institutionnels et associations Parrains\" \/>\n<meta property=\"og:url\" content=\"https:\/\/www.ecoledelapaix.org\/wordpress\/partenaires\/\" \/>\n<meta property=\"og:site_name\" content=\"Ensemble,\" \/>\n<meta property=\"article:modified_time\" content=\"2023-03-28T10:45:28+00:00\" \/>\n<meta property=\"og:image\" content=\"http:\/\/localhost\/Reseau_France_Colombie_Solidarites\/wordpress\/wp-content\/uploads\/2021\/10\/colombes-1-1.jpg\" \/>\n<meta name=\"twitter:card\" content=\"summary_large_image\" \/>\n<meta name=\"twitter:label1\" content=\"Dur\u00e9e de lecture estim\u00e9e\" \/>\n\t<meta name=\"twitter:data1\" content=\"2 minutes\" \/>\n<script type=\"application\/ld+json\" class=\"yoast-schema-graph\">{\"@context\":\"https:\/\/schema.org\",\"@graph\":[{\"@type\":\"WebPage\",\"@id\":\"https:\/\/www.ecoledelapaix.org\/wordpress\/partenaires\/\",\"url\":\"https:\/\/www.ecoledelapaix.org\/wordpress\/partenaires\/\",\"name\":\"Partenaires - Ensemble,\",\"isPartOf\":{\"@id\":\"https:\/\/www.ecoledelapaix.org\/wordpress\/#website\"},\"primaryImageOfPage\":{\"@id\":\"https:\/\/www.ecoledelapaix.org\/wordpress\/partenaires\/#primaryimage\"},\"image\":{\"@id\":\"https:\/\/www.ecoledelapaix.org\/wordpress\/partenaires\/#primaryimage\"},\"thumbnailUrl\":\"http:\/\/localhost\/Reseau_France_Colombie_Solidarites\/wordpress\/wp-content\/uploads\/2021\/10\/colombes-1-1.jpg\",\"datePublished\":\"2022-01-07T10:46:08+00:00\",\"dateModified\":\"2023-03-28T10:45:28+00:00\",\"breadcrumb\":{\"@id\":\"https:\/\/www.ecoledelapaix.org\/wordpress\/partenaires\/#breadcrumb\"},\"inLanguage\":\"fr-FR\",\"potentialAction\":[{\"@type\":\"ReadAction\",\"target\":[\"https:\/\/www.ecoledelapaix.org\/wordpress\/partenaires\/\"]}]},{\"@type\":\"ImageObject\",\"inLanguage\":\"fr-FR\",\"@id\":\"https:\/\/www.ecoledelapaix.org\/wordpress\/partenaires\/#primaryimage\",\"url\":\"http:\/\/localhost\/Reseau_France_Colombie_Solidarites\/wordpress\/wp-content\/uploads\/2021\/10\/colombes-1-1.jpg\",\"contentUrl\":\"http:\/\/localhost\/Reseau_France_Colombie_Solidarites\/wordpress\/wp-content\/uploads\/2021\/10\/colombes-1-1.jpg\"},{\"@type\":\"BreadcrumbList\",\"@id\":\"https:\/\/www.ecoledelapaix.org\/wordpress\/partenaires\/#breadcrumb\",\"itemListElement\":[{\"@type\":\"ListItem\",\"position\":1,\"name\":\"Accueil\",\"item\":\"http:\/\/www.ecoledelapaix.org\/wordpress\/\"},{\"@type\":\"ListItem\",\"position\":2,\"name\":\"Partenaires\"}]},{\"@type\":\"WebSite\",\"@id\":\"https:\/\/www.ecoledelapaix.org\/wordpress\/#website\",\"url\":\"https:\/\/www.ecoledelapaix.org\/wordpress\/\",\"name\":\"Ensemble,\",\"description\":\"agissons pour la paix par l&#039;\u00e9ducation\",\"publisher\":{\"@id\":\"https:\/\/www.ecoledelapaix.org\/wordpress\/#organization\"},\"potentialAction\":[{\"@type\":\"SearchAction\",\"target\":{\"@type\":\"EntryPoint\",\"urlTemplate\":\"https:\/\/www.ecoledelapaix.org\/wordpress\/?s={search_term_string}\"},\"query-input\":{\"@type\":\"PropertyValueSpecification\",\"valueRequired\":true,\"valueName\":\"search_term_string\"}}],\"inLanguage\":\"fr-FR\"},{\"@type\":\"Organization\",\"@id\":\"https:\/\/www.ecoledelapaix.org\/wordpress\/#organization\",\"name\":\"\u00c9cole de la paix\",\"url\":\"https:\/\/www.ecoledelapaix.org\/wordpress\/\",\"logo\":{\"@type\":\"ImageObject\",\"inLanguage\":\"fr-FR\",\"@id\":\"https:\/\/www.ecoledelapaix.org\/wordpress\/#\/schema\/logo\/image\/\",\"url\":\"https:\/\/www.ecoledelapaix.org\/wordpress\/wp-content\/uploads\/2022\/01\/cropped-LOGO.png\",\"contentUrl\":\"https:\/\/www.ecoledelapaix.org\/wordpress\/wp-content\/uploads\/2022\/01\/cropped-LOGO.png\",\"width\":200,\"height\":85,\"caption\":\"\u00c9cole de la paix\"},\"image\":{\"@id\":\"https:\/\/www.ecoledelapaix.org\/wordpress\/#\/schema\/logo\/image\/\"}}]}<\/script>\n<!-- \/ Yoast SEO plugin. -->","yoast_head_json":{"title":"Partenaires - Ensemble,","robots":{"index":"index","follow":"follow","max-snippet":"max-snippet:-1","max-image-preview":"max-image-preview:large","max-video-preview":"max-video-preview:-1"},"canonical":"https:\/\/www.ecoledelapaix.org\/wordpress\/partenaires\/","og_locale":"fr_FR","og_type":"article","og_title":"Partenaires - Ensemble,","og_description":"Membres fondateurs institutionnels et associations Parrains","og_url":"https:\/\/www.ecoledelapaix.org\/wordpress\/partenaires\/","og_site_name":"Ensemble,","article_modified_time":"2023-03-28T10:45:28+00:00","og_image":[{"url":"http:\/\/localhost\/Reseau_France_Colombie_Solidarites\/wordpress\/wp-content\/uploads\/2021\/10\/colombes-1-1.jpg","type":"","width":"","height":""}],"twitter_card":"summary_large_image","twitter_misc":{"Dur\u00e9e de lecture estim\u00e9e":"2 minutes"},"schema":{"@context":"https:\/\/schema.org","@graph":[{"@type":"WebPage","@id":"https:\/\/www.ecoledelapaix.org\/wordpress\/partenaires\/","url":"https:\/\/www.ecoledelapaix.org\/wordpress\/partenaires\/","name":"Partenaires - Ensemble,","isPartOf":{"@id":"https:\/\/www.ecoledelapaix.org\/wordpress\/#website"},"primaryImageOfPage":{"@id":"https:\/\/www.ecoledelapaix.org\/wordpress\/partenaires\/#primaryimage"},"image":{"@id":"https:\/\/www.ecoledelapaix.org\/wordpress\/partenaires\/#primaryimage"},"thumbnailUrl":"http:\/\/localhost\/Reseau_France_Colombie_Solidarites\/wordpress\/wp-content\/uploads\/2021\/10\/colombes-1-1.jpg","datePublished":"2022-01-07T10:46:08+00:00","dateModified":"2023-03-28T10:45:28+00:00","breadcrumb":{"@id":"https:\/\/www.ecoledelapaix.org\/wordpress\/partenaires\/#breadcrumb"},"inLanguage":"fr-FR","potentialAction":[{"@type":"ReadAction","target":["https:\/\/www.ecoledelapaix.org\/wordpress\/partenaires\/"]}]},{"@type":"ImageObject","inLanguage":"fr-FR","@id":"https:\/\/www.ecoledelapaix.org\/wordpress\/partenaires\/#primaryimage","url":"http:\/\/localhost\/Reseau_France_Colombie_Solidarites\/wordpress\/wp-content\/uploads\/2021\/10\/colombes-1-1.jpg","contentUrl":"http:\/\/localhost\/Reseau_France_Colombie_Solidarites\/wordpress\/wp-content\/uploads\/2021\/10\/colombes-1-1.jpg"},{"@type":"BreadcrumbList","@id":"https:\/\/www.ecoledelapaix.org\/wordpress\/partenaires\/#breadcrumb","itemListElement":[{"@type":"ListItem","position":1,"name":"Accueil","item":"http:\/\/www.ecoledelapaix.org\/wordpress\/"},{"@type":"ListItem","position":2,"name":"Partenaires"}]},{"@type":"WebSite","@id":"https:\/\/www.ecoledelapaix.org\/wordpress\/#website","url":"https:\/\/www.ecoledelapaix.org\/wordpress\/","name":"Ensemble,","description":"agissons pour la paix par l&#039;\u00e9ducation","publisher":{"@id":"https:\/\/www.ecoledelapaix.org\/wordpress\/#organization"},"potentialAction":[{"@type":"SearchAction","target":{"@type":"EntryPoint","urlTemplate":"https:\/\/www.ecoledelapaix.org\/wordpress\/?s={search_term_string}"},"query-input":{"@type":"PropertyValueSpecification","valueRequired":true,"valueName":"search_term_string"}}],"inLanguage":"fr-FR"},{"@type":"Organization","@id":"https:\/\/www.ecoledelapaix.org\/wordpress\/#organization","name":"\u00c9cole de la paix","url":"https:\/\/www.ecoledelapaix.org\/wordpress\/","logo":{"@type":"ImageObject","inLanguage":"fr-FR","@id":"https:\/\/www.ecoledelapaix.org\/wordpress\/#\/schema\/logo\/image\/","url":"https:\/\/www.ecoledelapaix.org\/wordpress\/wp-content\/uploads\/2022\/01\/cropped-LOGO.png","contentUrl":"https:\/\/www.ecoledelapaix.org\/wordpress\/wp-content\/uploads\/2022\/01\/cropped-LOGO.png","width":200,"height":85,"caption":"\u00c9cole de la paix"},"image":{"@id":"https:\/\/www.ecoledelapaix.org\/wordpress\/#\/schema\/logo\/image\/"}}]}},"_links":{"self":[{"href":"https:\/\/www.ecoledelapaix.org\/wordpress\/wp-json\/wp\/v2\/pages\/68","targetHints":{"allow":["GET"]}}],"collection":[{"href":"https:\/\/www.ecoledelapaix.org\/wordpress\/wp-json\/wp\/v2\/pages"}],"about":[{"href":"https:\/\/www.ecoledelapaix.org\/wordpress\/wp-json\/wp\/v2\/types\/page"}],"author":[{"embeddable":true,"href":"https:\/\/www.ecoledelapaix.org\/wordpress\/wp-json\/wp\/v2\/users\/2"}],"replies":[{"embeddable":true,"href":"https:\/\/www.ecoledelapaix.org\/wordpress\/wp-json\/wp\/v2\/comments?post=68"}],"version-history":[{"count":9,"href":"https:\/\/www.ecoledelapaix.org\/wordpress\/wp-json\/wp\/v2\/pages\/68\/revisions"}],"predecessor-version":[{"id":1258,"href":"https:\/\/www.ecoledelapaix.org\/wordpress\/wp-json\/wp\/v2\/pages\/68\/revisions\/1258"}],"wp:attachment":[{"href":"https:\/\/www.ecoledelapaix.org\/wordpress\/wp-json\/wp\/v2\/media?parent=68"}],"curies":[{"name":"wp","href":"https:\/\/api.w.org\/{rel}","templated":true}]}}